{"id":111886,"date":"2024-02-05T11:28:37","date_gmt":"2024-02-05T10:28:37","guid":{"rendered":"https:\/\/www.we-acteam.com\/team-building-nice\/"},"modified":"2025-03-19T11:18:58","modified_gmt":"2025-03-19T10:18:58","slug":"team-building-nice","status":"publish","type":"page","link":"https:\/\/www.we-acteam.com\/en\/team-building-nice\/","title":{"rendered":"Team building Nice"},"content":{"rendered":"<div class=\"wpb-content-wrapper\"><p>[vc_row type=&#8221;full-width-content&#8221; parallax_background=&#8221;&#8221; css=&#8221;.vc_custom_1624980087410{background-image: url(https:\/\/www.we-acteam.com\/wp-content\/uploads\/2021\/06\/Team-building-Nice-Team-Nature.jpg?id=8731) !important;background-position: center !important;background-repeat: no-repeat !important;background-size: cover !important;}&#8221; font_color=&#8221;#ffffff&#8221; el_class=&#8221;bandeau_image classic&#8221;][vc_column el_class=&#8221;bandeau_image-container&#8221;][vc_column_text el_class=&#8221;title-small-thin white&#8221;]<\/p>\n<h1 style=\"text-align: center;\">Team building Nice<\/h1>\n<p>[\/vc_column_text][vc_custom_heading text=&#8221;Team building solution in Nice on the French Riviera&#8221; font_container=&#8221;tag:p|text_align:center|color:%23ffffff&#8221; use_theme_fonts=&#8221;yes&#8221; el_class=&#8221;title-big white&#8221;][\/vc_column][\/vc_row][vc_row type=&#8221;full-width-content&#8221; el_class=&#8221;part_img_text_50_50 part_img_text_50_50_right section-bevel-moins8 background-color-white zindex-100 padding-bottom-7-5vw margin-bottom-moins-15vw&#8221;][vc_column el_class=&#8221;part_img_text_50_50_container&#8221;][vc_row_inner][vc_column_inner el_class=&#8221;part_img_text_50_50_title_container&#8221;][vc_custom_heading text=&#8221;Good reasons to choose Nice for team building activities&#8221; font_container=&#8221;tag:h2|text_align:center&#8221; use_theme_fonts=&#8221;yes&#8221; el_class=&#8221;title-medium orange part_img_text_50_50_title&#8221;][\/vc_column_inner][\/vc_row_inner][vc_row_inner el_class=&#8221;part_img_text_50_50_text_img_container&#8221;][vc_column_inner el_class=&#8221;part_img_text_50_50_text_container&#8221; width=&#8221;1\/2&#8243;][vc_column_text el_class=&#8221;part_img_text_50_50_text text-medium blue&#8221;]Constantly evolving, Nissa la bella is the perfect place to build team spirit and promote harmony within your company. Thanks to its exceptional geographical location, you&#8217;re sure to find a <strong>team-building activity in Nice<\/strong> to suit you. By organising team building events in Nice, you can offer your team the chance to forge strong links that will make work more enjoyable and, above all, more effective for your employees. Depending on your expectations, we offer a wide range of varied and enjoyable <a href=\"https:\/\/www.we-acteam.com\/en\/team-building\/\">team building activities<\/a> to help you achieve your objectives. WE ACTEAM, Nice team building agency, has been building on its experience since 1998. Our absolute priority is the success of your objectives, so put your trust in an efficient and dynamic company to design and organise <a href=\"https:\/\/we-acteam.com\/en\/team-building-cannes\/\"><em>team building activities in Cannes<\/em><\/a>, Nice, etc.<\/p>\n<p>We only select quality <strong>activities<\/strong> that meet very specific criteria. As well as providing entertainment, your Nice team building projects will promote team spirit and complicity between your colleagues. We also operate in the rest of the region, so you can choose a <a href=\"https:\/\/we-acteam.com\/en\/team-building-marseille\/\">team building activity in Marseille<\/a> if that suits you better.[\/vc_column_text][\/vc_column_inner][vc_column_inner el_class=&#8221;part_img_text_50_50_img_container&#8221; width=&#8221;1\/2&#8243;][vc_single_image image=&#8221;7725&#8243; img_size=&#8221;full&#8221; alignment=&#8221;right&#8221; onclick=&#8221;link_image&#8221; hover_effect=&#8221;img_zoom_effect&#8221; el_class=&#8221;part_img_text_50_50_img&#8221; css=&#8221;.vc_custom_1625231071271{background-image: url(https:\/\/www.we-acteam.com\/wp-content\/uploads\/2020\/09\/Team-building-bateau-Incetive-Cote-Azur-3.jpg?id=7724) !important;}&#8221;][\/vc_column_inner][\/vc_row_inner][\/vc_column][\/vc_row][vc_row type=&#8221;full-width-content&#8221; el_class=&#8221;part_img_text_50_50 part_img_text_50_50_left section-bevel-moins8 background-color-blue zindex-100 padding-bottom-7-5vw margin-bottom-moins-15vw&#8221;][vc_column el_class=&#8221;part_img_text_50_50_container&#8221;][vc_row_inner][vc_column_inner el_class=&#8221;part_img_text_50_50_title_container&#8221;][vc_custom_heading text=&#8221;At high altitude &#8211; Team building Nice&#8221; font_container=&#8221;tag:h3|text_align:center&#8221; use_theme_fonts=&#8221;yes&#8221; el_class=&#8221;title-medium orange part_img_text_50_50_title&#8221;][\/vc_column_inner][\/vc_row_inner][vc_row_inner el_class=&#8221;part_img_text_50_50_text_img_container&#8221;][vc_column_inner el_class=&#8221;part_img_text_50_50_img_container&#8221; width=&#8221;1\/2&#8243;][vc_single_image image=&#8221;7665&#8243; img_size=&#8221;full&#8221; alignment=&#8221;right&#8221; onclick=&#8221;link_image&#8221; hover_effect=&#8221;img_zoom_effect&#8221; el_class=&#8221;part_img_text_50_50_img&#8221; css=&#8221;.vc_custom_1625231420984{background-image: url(https:\/\/www.we-acteam.com\/wp-content\/uploads\/2015\/05\/Journee-en-montagne-Incetive-Team-Building-2.jpg?id=7664) !important;}&#8221;][\/vc_column_inner][vc_column_inner el_class=&#8221;part_img_text_50_50_text_container&#8221; width=&#8221;1\/2&#8243;][vc_column_text el_class=&#8221;part_img_text_50_50_text text-medium white&#8221;]Just 1 h 30 from the Promenade des Anglais, climb to the top of <strong>Nice<\/strong> County for some original winter activities. Choose the &#8220;Olympiades Blanches&#8221; team <em>building activity in Nice<\/em>, which takes advantage of all the possibilities the mountains have to offer. On the programme for this <strong>team building activity<\/strong>: building a real igloo, tandem skiing, GPS orientation course and many other fun and effective activities to consolidate a professional group. And of course, to reward the victorious snow athletes at the end of the team-building activity, we&#8217;ll invite you to take part in a trophy presentation, accompanied by a delicious mulled wine.<\/p>\n<p>Still in the mountains in summer or during the snow melt, set off on an invigorating adventure in our choice of <strong>Nice team building trips<\/strong>. In a raft or canoe-raft, descend one of the many rivers in the Southern Alps as a team. This <em>Nice team building activity<\/em> brings together the adrenalin of sport, group synergy and good humour in a surprising and magical landscape.[\/vc_column_text][\/vc_column_inner][\/vc_row_inner][\/vc_column][\/vc_row][vc_row type=&#8221;full-width-content&#8221; el_class=&#8221;part_img_text_50_50 part_img_text_50_50_right section-bevel-8 background-color-white zindex-100 padding-bottom-7-5vw margin-bottom-moins-15vw&#8221;][vc_column el_class=&#8221;part_img_text_50_50_container&#8221;][vc_row_inner][vc_column_inner el_class=&#8221;part_img_text_50_50_title_container&#8221;][vc_custom_heading text=&#8221;Respect nature &#8211; Team building Nice&#8221; font_container=&#8221;tag:h3|text_align:center&#8221; use_theme_fonts=&#8221;yes&#8221; el_class=&#8221;title-medium orange part_img_text_50_50_title&#8221;][\/vc_column_inner][\/vc_row_inner][vc_row_inner el_class=&#8221;part_img_text_50_50_text_img_container&#8221;][vc_column_inner el_class=&#8221;part_img_text_50_50_text_container&#8221; width=&#8221;1\/2&#8243;][vc_column_text el_class=&#8221;part_img_text_50_50_text text-medium blue&#8221;]<br \/>\nOptez pour une activit\u00e9 \u00e9cologique faisant appel \u00e0 la cr\u00e9ativit\u00e9 et la sportivit\u00e9 de vos collaborateurs. Eco-motive is a <strong>Nice team-building activity<\/strong> that&#8217;s complete and entertaining. Put your teams together and set off on an adventure to design a vehicle from A to Z. Without an engine, of course, the car you build during your <em>team building activity in Nice<\/em> will be propelled by the strength of your arms. Les \u00e9quipes s\u2019affronteront pour conclure cette exp\u00e9rience dans un parcours chronom\u00e9tr\u00e9.<br \/>\n[\/vc_column_text][\/vc_column_inner][vc_column_inner el_class=&#8221;part_img_text_50_50_img_container&#8221; width=&#8221;1\/2&#8243;][vc_single_image image=&#8221;8014&#8243; img_size=&#8221;full&#8221; alignment=&#8221;right&#8221; onclick=&#8221;link_image&#8221; hover_effect=&#8221;img_zoom_effect&#8221; el_class=&#8221;part_img_text_50_50_img&#8221; css=&#8221;.vc_custom_1625231636199{background-image: url(https:\/\/www.we-acteam.com\/wp-content\/uploads\/2021\/05\/Eco-Forest-Team-Building-Developpement-Durable-4.jpg?id=8013) !important;}&#8221;][\/vc_column_inner][\/vc_row_inner][\/vc_column][\/vc_row][vc_row type=&#8221;full-width-content&#8221; css=&#8221;.vc_custom_1625231749038{background-position: center !important;background-repeat: no-repeat !important;background-size: cover !important;}&#8221; el_class=&#8221;demande_devis section-bevel-moins8 background-color-blue&#8221;][vc_column el_class=&#8221;demande_devis_container&#8221; css=&#8221;.vc_custom_1625231826197{background-image: url(https:\/\/www.we-acteam.com\/wp-content\/uploads\/2021\/06\/Team-building-Nice-Team-Nature.jpg?id=8731) !important;}&#8221;][vc_row_inner el_class=&#8221;demande_devis_ticket&#8221;][vc_column_inner el_class=&#8221;demande_devis_ticket_container&#8221;][vc_custom_heading text=&#8221;Convinced about organising a team building event in Nice?&#8221; font_container=&#8221;tag:h2|text_align:center&#8221; use_theme_fonts=&#8221;yes&#8221; el_class=&#8221;title-medium white title_demande_devis&#8221;][vc_column_text font_size=&#8221;20&#8243; el_class=&#8221;text-big white text_demande_devis&#8221;]<\/p>\n<p style=\"text-align: center;\">Click on the button below to request a quote. We promise to call you within 24 hours of your request.<\/p>\n<p>[\/vc_column_text]<style type=\"text\/css\" >#b_u6yl65c716fh8pz4sl4b a{color:; background:; margin-top:0px; margin-bottom:0px;  margin-left:0px; margin-right:0px; font-weight:900; border-radius:0px;}#b_u6yl65c716fh8pz4sl4b a:hover{color: ; background: ;}<\/style><div class=\"ta_center tf_btn_pos\" id=\"b_u6yl65c716fh8pz4sl4b\" ><a class=\"rd_normal_bt mediumlarge_rd_bt  button_demande_devis\" href=\"https:\/\/www.we-acteam.com\/en\/contact-us\/\" target=\"\" rel=\"nofollow\"  >REQUEST A QUOTATION<\/a><\/div>[\/vc_column_inner][\/vc_row_inner][\/vc_column][\/vc_row][vc_row type=&#8221;full-width-content&#8221; parallax_background=&#8221;&#8221; css=&#8221;.vc_custom_1625232039407{background-color: #ffffff !important;background-position: center !important;background-repeat: no-repeat !important;background-size: cover !important;}&#8221; font_color=&#8221;#ffffff&#8221; el_class=&#8221;section-bevel-moins8 top-center background-color-gradient margin-bottom-moins-7-5vw zindex-102&#8243;][vc_column][vc_empty_space height=&#8221;&#8221;][\/vc_column][\/vc_row]<\/p>\n<\/div>","protected":false},"excerpt":{"rendered":"<p>[vc_row type=&#8221;full-width-content&#8221; parallax_background=&#8221;&#8221; css=&#8221;.vc_custom_1624980087410{background-image: url(https:\/\/www.we-acteam.com\/wp-content\/uploads\/2021\/06\/Team-building-Nice-Team-Nature.jpg?id=8731) !important;background-position: center !important;background-repeat: no-repeat !important;background-size: cover !important;}&#8221; font_color=&#8221;#ffffff&#8221; el_class=&#8221;bandeau_image classic&#8221;][vc_column el_class=&#8221;bandeau_image-container&#8221;][vc_column_text el_class=&#8221;title-small-thin white&#8221;] Team building Nice [\/vc_column_text][vc_custom_heading text=&#8221;Team building solution in Nice on the French Riviera&#8221; font_container=&#8221;tag:p|text_align:center|color:%23ffffff&#8221; use_theme_fonts=&#8221;yes&#8221; el_class=&#8221;title-big white&#8221;][\/vc_column][\/vc_row][vc_row type=&#8221;full-width-content&#8221; el_class=&#8221;part_img_text_50_50 part_img_text_50_50_right section-bevel-moins8 background-color-white zindex-100 padding-bottom-7-5vw margin-bottom-moins-15vw&#8221;][vc_column el_class=&#8221;part_img_text_50_50_container&#8221;][vc_row_inner][vc_column_inner el_class=&#8221;part_img_text_50_50_title_container&#8221;][vc_custom_heading text=&#8221;Good reasons to choose Nice for team building activities&#8221; font_container=&#8221;tag:h2|text_align:center&#8221;<br \/><a href=\"https:\/\/www.we-acteam.com\/en\/team-building-nice\/\" class=\"more\">Read more<\/a><\/p>\n","protected":false},"author":1,"featured_media":8732,"parent":0,"menu_order":0,"comment_status":"closed","ping_status":"closed","template":"","meta":{"rank_math_title":"Team Building Nice | Organising business events |  WE ACTEAM","rank_math_description":"Team building Nice organised by WE ACTEAM for companies. Also in the PACA region with a wide range of professional activities","rank_math_focus_keyword":"Team Building Nice","footnotes":""},"class_list":["post-111886","page","type-page","status-publish","has-post-thumbnail","hentry"],"_links":{"self":[{"href":"https:\/\/www.we-acteam.com\/en\/wp-json\/wp\/v2\/pages\/111886","targetHints":{"allow":["GET"]}}],"collection":[{"href":"https:\/\/www.we-acteam.com\/en\/wp-json\/wp\/v2\/pages"}],"about":[{"href":"https:\/\/www.we-acteam.com\/en\/wp-json\/wp\/v2\/types\/page"}],"author":[{"embeddable":true,"href":"https:\/\/www.we-acteam.com\/en\/wp-json\/wp\/v2\/users\/1"}],"replies":[{"embeddable":true,"href":"https:\/\/www.we-acteam.com\/en\/wp-json\/wp\/v2\/comments?post=111886"}],"version-history":[{"count":4,"href":"https:\/\/www.we-acteam.com\/en\/wp-json\/wp\/v2\/pages\/111886\/revisions"}],"predecessor-version":[{"id":780385,"href":"https:\/\/www.we-acteam.com\/en\/wp-json\/wp\/v2\/pages\/111886\/revisions\/780385"}],"wp:featuredmedia":[{"embeddable":true,"href":"https:\/\/www.we-acteam.com\/en\/wp-json\/wp\/v2\/media\/8732"}],"wp:attachment":[{"href":"https:\/\/www.we-acteam.com\/en\/wp-json\/wp\/v2\/media?parent=111886"}],"curies":[{"name":"wp","href":"https:\/\/api.w.org\/{rel}","templated":true}]}}