{"id":198171,"date":"2024-03-28T22:31:52","date_gmt":"2024-03-28T21:31:52","guid":{"rendered":"https:\/\/www.we-acteam.com\/the-sea\/"},"modified":"2025-03-19T11:01:12","modified_gmt":"2025-03-19T10:01:12","slug":"team-building-incentive-activities-at-sea","status":"publish","type":"page","link":"https:\/\/www.we-acteam.com\/en\/team-building-incentive-activities-at-sea\/","title":{"rendered":"THE SEA"},"content":{"rendered":"<div class=\"wpb-content-wrapper\"><p>[vc_row type=&#8221;full-width-section&#8221; parallax_background=&#8221;&#8221; css=&#8221;.vc_custom_1622646495391{background-image: url(https:\/\/we-acteam.com\/wp-content\/uploads\/2020\/09\/regata-de-bleu-incentive-team-building-BG.jpg?id=7437) !important;background-position: center !important;background-repeat: no-repeat !important;background-size: cover !important;}&#8221; font_color=&#8221;#ffffff&#8221; el_class=&#8221;bandeau_image classic&#8221;][vc_column el_class=&#8221;bandeau_image-container&#8221;][vc_column_text el_class=&#8221;title-small-thin white&#8221;]<\/p>\n<h1 style=\"text-align: center;\">Team Building &amp; Incentive activities on the Mediterranean coast<\/h1>\n<p>[\/vc_column_text][vc_custom_heading text=&#8221;THE SEA&#8221; font_container=&#8221;tag:p|text_align:center|color:%23ffffff&#8221; use_theme_fonts=&#8221;yes&#8221; el_class=&#8221;title-big white&#8221;][\/vc_column][\/vc_row][vc_row type=&#8221;full-width-content&#8221; el_class=&#8221;first_part_classic section-bevel-moins8 zindex-100&#8243;][vc_column el_class=&#8221;first_part_classic_container&#8221;][vc_custom_heading text=&#8221;Nautical activities on the French Riviera&#8221; font_container=&#8221;tag:h3|text_align:left&#8221; use_theme_fonts=&#8221;yes&#8221; el_class=&#8221;title-medium orange&#8221;][vc_column_text el_class=&#8221;text-medium blue&#8221;]The Grande Bleue, its islands and its magical shores are also one of WE ACTEAM&#8217;s favourite playgrounds, all year round.<\/p>\n<p>As well as our irresistible regattas, we&#8217;ve put together a range of other sparkling solutions, including places to enjoy a delicious meal &#8220;with your feet in the water&#8221;.<\/p>\n<p><em>Take the plunge!<\/em>[\/vc_column_text][\/vc_column][\/vc_row][vc_row type=&#8221;full-width-content&#8221; el_class=&#8221;zindex-100 overflow-visible margin-bottom-0&#8243;][vc_column][vc_custom_heading text=&#8221;Activities&#8221; font_container=&#8221;tag:h3|text_align:center&#8221; use_theme_fonts=&#8221;yes&#8221; el_class=&#8221;title-medium orange padding-52&#8243;][vc_row_inner el_class=&#8221;imgs-3-columns section-bevel-moins8 section-bevel-corner-bottom-left background-color-blue overflow-visible margin-top-7-5vw&#8221;][vc_column_inner el_class=&#8221;imgs-3-columns-container margin-top-moins-7-5vw margin-bottom-moins-7-5vw&#8221;]<script>jQuery.noConflict(); var $ = jQuery; <\/script><div id=\"randomn4kwawtpfe9f4e50a7ep_port\" class=\"portfolio\"><style type=\"text\/css\" >#randomn4kwawtpfe9f4e50a7ep_port .filter_type_1 #options .selected a,#randomn4kwawtpfe9f4e50a7ep_port .filter_type_1 #options a:hover{background:#1ABC9C; border:1px solid #1ABC9C; color:#fff;}#randomn4kwawtpfe9f4e50a7ep_port .filter_type_1 #options a{border:1px solid #ECF0F1}#randomn4kwawtpfe9f4e50a7ep_port .filter_type_1 #options a{background:#FFFFFF}#randomn4kwawtpfe9f4e50a7ep_port .filter_type_1 #options a{color:#A1B1BC}<\/style><style type=\"text\/css\" >#randomn4kwawtpfe9f4e50a7ep_port .portfolio_desc{ position:absolute; bottom:10%; width:100%; height:40px; padding:0; border:none!important; background:none!important; text-align:center; z-index:3; opacity:0;}#randomn4kwawtpfe9f4e50a7ep_port .element:hover .portfolio_desc{opacity:1; bottom:50%;}#randomn4kwawtpfe9f4e50a7ep_port  .element:hover .img_link{left:4px;  opacity:1;}#randomn4kwawtpfe9f4e50a7ep_port  .element:hover .post_link{right:4px; opacity:1;}#randomn4kwawtpfe9f4e50a7ep_port .element:hover .port_overlay{ background:#fff; opacity:1;}#randomn4kwawtpfe9f4e50a7ep_port .portfolio_desc{margin-bottom:-20px;}.img_link,.post_link{display:none;}<\/style><div class=\"portfolio_block image-grid columns3 port_type_3 rd_hover_white thumbnail_type_1\" id=\"list\"><div data-category=\"sea \" class=\"sea  element\">\r\n\t\t<div class=\"filter_img\">\r\n\t\t<div class=\"port_thumb_ctn\">\r\n\t\t<div class=\"port_overlay\"><\/div>\r\n        <a _self href=\"https:\/\/www.we-acteam.com\/en\/activite\/blue-regatta-organisation-french-riviera\/\" target=\"_self\" class=\"ico_link\"><img loading=\"lazy\" decoding=\"async\" width=\"640\" height=\"400\" src=\"https:\/\/www.we-acteam.com\/wp-content\/uploads\/2020\/09\/regata-de-bleu-incentive-team-building-BG-1-640x400.jpg\" class=\"attachment-portfolio_tn size-portfolio_tn wp-post-image\" alt=\"Regata de bleu |\u00a0Incentive &amp; Team building r\u00e9gate C\u00f4te d&#039;Azur\" srcset=\"https:\/\/www.we-acteam.com\/wp-content\/uploads\/2020\/09\/regata-de-bleu-incentive-team-building-BG-1-640x400.jpg 640w, https:\/\/www.we-acteam.com\/wp-content\/uploads\/2020\/09\/regata-de-bleu-incentive-team-building-BG-1-300x188.jpg 300w, https:\/\/www.we-acteam.com\/wp-content\/uploads\/2020\/09\/regata-de-bleu-incentive-team-building-BG-1-1024x640.jpg 1024w, https:\/\/www.we-acteam.com\/wp-content\/uploads\/2020\/09\/regata-de-bleu-incentive-team-building-BG-1-768x480.jpg 768w, https:\/\/www.we-acteam.com\/wp-content\/uploads\/2020\/09\/regata-de-bleu-incentive-team-building-BG-1-1536x960.jpg 1536w, https:\/\/www.we-acteam.com\/wp-content\/uploads\/2020\/09\/regata-de-bleu-incentive-team-building-BG-1.jpg 1920w\" sizes=\"auto, (max-width: 640px) 100vw, 640px\" title=\"\">\r\n\t\t<\/a><figcaption><div>\r\n\t\t<h2>BLUE REGATTA<\/h2>\r\n\t\t<p>sea <\/p>\r\n\t\t<\/div>\r\n\t\t<a href=\"https:\/\/www.we-acteam.com\/en\/activite\/blue-regatta-organisation-french-riviera\/\" target=\"_self\">View more<\/a>\r\n\t\t<\/figcaption><a href=\"https:\/\/www.we-acteam.com\/wp-content\/uploads\/2020\/09\/regata-de-bleu-incentive-team-building-BG-1.jpg\" class=\"prettyPhoto port_img_link\"><span class='img_link'><\/span><\/a><a href='https:\/\/www.we-acteam.com\/en\/activite\/blue-regatta-organisation-french-riviera\/' target='_self' class='port_post_link'><span class='post_link'><h2 class='fw_port_link'>BLUE REGATTA<\/h2><h3 class='fw_port_tag'>sea <\/h3><\/span><\/a><div class=\"portfolio_desc\">\r\n\t\t<h2><a href=\"https:\/\/www.we-acteam.com\/en\/activite\/blue-regatta-organisation-french-riviera\/\" target=\"_self\">BLUE REGATTA<\/a><\/h2>\r\n\t\t<h3>sea <\/h3>\r\n        <\/div>\r\n\t\t<\/div><!-- port_thumb_ctn END -->\r\n\t\t<\/div><!-- Filter img END --><div class=\"portfolio_sub_info\"><div class=\"isotope_portfolio_name\">BLUE REGATTA<\/div><div class=\"isotope_portfolio_date\">2024-03-28<\/div><\/div><\/div><!-- element END --><div data-category=\"sea \" class=\"sea  element\">\r\n\t\t<div class=\"filter_img\">\r\n\t\t<div class=\"port_thumb_ctn\">\r\n\t\t<div class=\"port_overlay\"><\/div>\r\n        <a _self href=\"https:\/\/www.we-acteam.com\/en\/activite\/setting-a-course-by-zodiac\/\" target=\"_self\" class=\"ico_link\"><img loading=\"lazy\" decoding=\"async\" width=\"640\" height=\"400\" src=\"https:\/\/www.we-acteam.com\/wp-content\/uploads\/2020\/09\/Zodiac-Incetive-Team-Building-BG-640x400.jpg\" class=\"attachment-portfolio_tn size-portfolio_tn wp-post-image\" alt=\"Team building bateau Zodiac Incentive Cannes\" srcset=\"https:\/\/www.we-acteam.com\/wp-content\/uploads\/2020\/09\/Zodiac-Incetive-Team-Building-BG-640x400.jpg 640w, https:\/\/www.we-acteam.com\/wp-content\/uploads\/2020\/09\/Zodiac-Incetive-Team-Building-BG-450x281.jpg 450w, https:\/\/www.we-acteam.com\/wp-content\/uploads\/2020\/09\/Zodiac-Incetive-Team-Building-BG-1024x640.jpg 1024w, https:\/\/www.we-acteam.com\/wp-content\/uploads\/2020\/09\/Zodiac-Incetive-Team-Building-BG-768x480.jpg 768w, https:\/\/www.we-acteam.com\/wp-content\/uploads\/2020\/09\/Zodiac-Incetive-Team-Building-BG-1536x960.jpg 1536w, https:\/\/www.we-acteam.com\/wp-content\/uploads\/2020\/09\/Zodiac-Incetive-Team-Building-BG.jpg 1920w\" sizes=\"auto, (max-width: 640px) 100vw, 640px\" title=\"\">\r\n\t\t<\/a><figcaption><div>\r\n\t\t<h2>SETTING A COURSE BY ZODIAC!<\/h2>\r\n\t\t<p>sea <\/p>\r\n\t\t<\/div>\r\n\t\t<a href=\"https:\/\/www.we-acteam.com\/en\/activite\/setting-a-course-by-zodiac\/\" target=\"_self\">View more<\/a>\r\n\t\t<\/figcaption><a href=\"https:\/\/www.we-acteam.com\/wp-content\/uploads\/2020\/09\/Zodiac-Incetive-Team-Building-BG.jpg\" class=\"prettyPhoto port_img_link\"><span class='img_link'><\/span><\/a><a href='https:\/\/www.we-acteam.com\/en\/activite\/setting-a-course-by-zodiac\/' target='_self' class='port_post_link'><span class='post_link'><h2 class='fw_port_link'>SETTING A COURSE BY ZODIAC!<\/h2><h3 class='fw_port_tag'>sea <\/h3><\/span><\/a><div class=\"portfolio_desc\">\r\n\t\t<h2><a href=\"https:\/\/www.we-acteam.com\/en\/activite\/setting-a-course-by-zodiac\/\" target=\"_self\">SETTING A COURSE BY ZODIAC!<\/a><\/h2>\r\n\t\t<h3>sea <\/h3>\r\n        <\/div>\r\n\t\t<\/div><!-- port_thumb_ctn END -->\r\n\t\t<\/div><!-- Filter img END --><div class=\"portfolio_sub_info\"><div class=\"isotope_portfolio_name\">SETTING A COURSE BY ZODIAC!<\/div><div class=\"isotope_portfolio_date\">2024-03-28<\/div><\/div><\/div><!-- element END --><div data-category=\"sea \" class=\"sea  element\">\r\n\t\t<div class=\"filter_img\">\r\n\t\t<div class=\"port_thumb_ctn\">\r\n\t\t<div class=\"port_overlay\"><\/div>\r\n        <a _self href=\"https:\/\/www.we-acteam.com\/en\/activite\/team-beach\/\" target=\"_self\" class=\"ico_link\"><img loading=\"lazy\" decoding=\"async\" width=\"640\" height=\"400\" src=\"https:\/\/www.we-acteam.com\/wp-content\/uploads\/2020\/09\/Team-Beach-Incetive-Team-Building-BG-640x400.jpg\" class=\"attachment-portfolio_tn size-portfolio_tn wp-post-image\" alt=\"Team beach team building plage C\u00f4te d&#039;Azur\" srcset=\"https:\/\/www.we-acteam.com\/wp-content\/uploads\/2020\/09\/Team-Beach-Incetive-Team-Building-BG-640x400.jpg 640w, https:\/\/www.we-acteam.com\/wp-content\/uploads\/2020\/09\/Team-Beach-Incetive-Team-Building-BG-300x188.jpg 300w, https:\/\/www.we-acteam.com\/wp-content\/uploads\/2020\/09\/Team-Beach-Incetive-Team-Building-BG-1024x640.jpg 1024w, https:\/\/www.we-acteam.com\/wp-content\/uploads\/2020\/09\/Team-Beach-Incetive-Team-Building-BG-768x480.jpg 768w, https:\/\/www.we-acteam.com\/wp-content\/uploads\/2020\/09\/Team-Beach-Incetive-Team-Building-BG-1536x960.jpg 1536w, https:\/\/www.we-acteam.com\/wp-content\/uploads\/2020\/09\/Team-Beach-Incetive-Team-Building-BG.jpg 1920w\" sizes=\"auto, (max-width: 640px) 100vw, 640px\" title=\"\">\r\n\t\t<\/a><figcaption><div>\r\n\t\t<h2>TEAM BEACH<\/h2>\r\n\t\t<p>sea <\/p>\r\n\t\t<\/div>\r\n\t\t<a href=\"https:\/\/www.we-acteam.com\/en\/activite\/team-beach\/\" target=\"_self\">View more<\/a>\r\n\t\t<\/figcaption><a href=\"https:\/\/www.we-acteam.com\/wp-content\/uploads\/2020\/09\/Team-Beach-Incetive-Team-Building-BG.jpg\" class=\"prettyPhoto port_img_link\"><span class='img_link'><\/span><\/a><a href='https:\/\/www.we-acteam.com\/en\/activite\/team-beach\/' target='_self' class='port_post_link'><span class='post_link'><h2 class='fw_port_link'>TEAM BEACH<\/h2><h3 class='fw_port_tag'>sea <\/h3><\/span><\/a><div class=\"portfolio_desc\">\r\n\t\t<h2><a href=\"https:\/\/www.we-acteam.com\/en\/activite\/team-beach\/\" target=\"_self\">TEAM BEACH<\/a><\/h2>\r\n\t\t<h3>sea <\/h3>\r\n        <\/div>\r\n\t\t<\/div><!-- port_thumb_ctn END -->\r\n\t\t<\/div><!-- Filter img END --><div class=\"portfolio_sub_info\"><div class=\"isotope_portfolio_name\">TEAM BEACH<\/div><div class=\"isotope_portfolio_date\">2024-03-28<\/div><\/div><\/div><!-- element END --><div data-category=\"sea \" class=\"sea  element\">\r\n\t\t<div class=\"filter_img\">\r\n\t\t<div class=\"port_thumb_ctn\">\r\n\t\t<div class=\"port_overlay\"><\/div>\r\n        <a _self href=\"https:\/\/www.we-acteam.com\/en\/activite\/incentive-day-sailing-boat-or-catamaran\/\" target=\"_self\" class=\"ico_link\"><img loading=\"lazy\" decoding=\"async\" width=\"640\" height=\"400\" src=\"https:\/\/www.we-acteam.com\/wp-content\/uploads\/2020\/09\/Voile-Tranquille-Incetive-BG-1-640x400.jpg\" class=\"attachment-portfolio_tn size-portfolio_tn wp-post-image\" alt=\"Voile Tranquille |\u00a0Organisation croisi\u00e8re team building\" srcset=\"https:\/\/www.we-acteam.com\/wp-content\/uploads\/2020\/09\/Voile-Tranquille-Incetive-BG-1-640x400.jpg 640w, https:\/\/www.we-acteam.com\/wp-content\/uploads\/2020\/09\/Voile-Tranquille-Incetive-BG-1-300x188.jpg 300w, https:\/\/www.we-acteam.com\/wp-content\/uploads\/2020\/09\/Voile-Tranquille-Incetive-BG-1-1024x640.jpg 1024w, https:\/\/www.we-acteam.com\/wp-content\/uploads\/2020\/09\/Voile-Tranquille-Incetive-BG-1-768x480.jpg 768w, https:\/\/www.we-acteam.com\/wp-content\/uploads\/2020\/09\/Voile-Tranquille-Incetive-BG-1-1536x960.jpg 1536w, https:\/\/www.we-acteam.com\/wp-content\/uploads\/2020\/09\/Voile-Tranquille-Incetive-BG-1.jpg 1920w\" sizes=\"auto, (max-width: 640px) 100vw, 640px\" title=\"\">\r\n\t\t<\/a><figcaption><div>\r\n\t\t<h2>TRANQUIL SAILING<\/h2>\r\n\t\t<p>sea <\/p>\r\n\t\t<\/div>\r\n\t\t<a href=\"https:\/\/www.we-acteam.com\/en\/activite\/incentive-day-sailing-boat-or-catamaran\/\" target=\"_self\">View more<\/a>\r\n\t\t<\/figcaption><a href=\"https:\/\/www.we-acteam.com\/wp-content\/uploads\/2020\/09\/Voile-Tranquille-Incetive-BG-1.jpg\" class=\"prettyPhoto port_img_link\"><span class='img_link'><\/span><\/a><a href='https:\/\/www.we-acteam.com\/en\/activite\/incentive-day-sailing-boat-or-catamaran\/' target='_self' class='port_post_link'><span class='post_link'><h2 class='fw_port_link'>TRANQUIL SAILING<\/h2><h3 class='fw_port_tag'>sea <\/h3><\/span><\/a><div class=\"portfolio_desc\">\r\n\t\t<h2><a href=\"https:\/\/www.we-acteam.com\/en\/activite\/incentive-day-sailing-boat-or-catamaran\/\" target=\"_self\">TRANQUIL SAILING<\/a><\/h2>\r\n\t\t<h3>sea <\/h3>\r\n        <\/div>\r\n\t\t<\/div><!-- port_thumb_ctn END -->\r\n\t\t<\/div><!-- Filter img END --><div class=\"portfolio_sub_info\"><div class=\"isotope_portfolio_name\">TRANQUIL SAILING<\/div><div class=\"isotope_portfolio_date\">2024-03-28<\/div><\/div><\/div><!-- element END --><div data-category=\"sea \" class=\"sea  element\">\r\n\t\t<div class=\"filter_img\">\r\n\t\t<div class=\"port_thumb_ctn\">\r\n\t\t<div class=\"port_overlay\"><\/div>\r\n        <a _self href=\"https:\/\/www.we-acteam.com\/en\/activite\/vintage-navigation\/\" target=\"_self\" class=\"ico_link\"><img loading=\"lazy\" decoding=\"async\" width=\"640\" height=\"400\" src=\"https:\/\/www.we-acteam.com\/wp-content\/uploads\/2021\/05\/Navigation-Vintage-Incentive-Cote-Azur-BG-1-640x400.jpg\" class=\"attachment-portfolio_tn size-portfolio_tn wp-post-image\" alt=\"Organisation r\u00e9gate vieux gr\u00e9ements C\u00f4te d&#039;Azur\" srcset=\"https:\/\/www.we-acteam.com\/wp-content\/uploads\/2021\/05\/Navigation-Vintage-Incentive-Cote-Azur-BG-1-640x400.jpg 640w, https:\/\/www.we-acteam.com\/wp-content\/uploads\/2021\/05\/Navigation-Vintage-Incentive-Cote-Azur-BG-1-300x188.jpg 300w, https:\/\/www.we-acteam.com\/wp-content\/uploads\/2021\/05\/Navigation-Vintage-Incentive-Cote-Azur-BG-1-1024x640.jpg 1024w, https:\/\/www.we-acteam.com\/wp-content\/uploads\/2021\/05\/Navigation-Vintage-Incentive-Cote-Azur-BG-1-768x480.jpg 768w, https:\/\/www.we-acteam.com\/wp-content\/uploads\/2021\/05\/Navigation-Vintage-Incentive-Cote-Azur-BG-1-1536x960.jpg 1536w, https:\/\/www.we-acteam.com\/wp-content\/uploads\/2021\/05\/Navigation-Vintage-Incentive-Cote-Azur-BG-1.jpg 1920w\" sizes=\"auto, (max-width: 640px) 100vw, 640px\" title=\"\">\r\n\t\t<\/a><figcaption><div>\r\n\t\t<h2>VINTAGE NAVIGATION<\/h2>\r\n\t\t<p>sea <\/p>\r\n\t\t<\/div>\r\n\t\t<a href=\"https:\/\/www.we-acteam.com\/en\/activite\/vintage-navigation\/\" target=\"_self\">View more<\/a>\r\n\t\t<\/figcaption><a href=\"https:\/\/www.we-acteam.com\/wp-content\/uploads\/2021\/05\/Navigation-Vintage-Incentive-Cote-Azur-BG-1.jpg\" class=\"prettyPhoto port_img_link\"><span class='img_link'><\/span><\/a><a href='https:\/\/www.we-acteam.com\/en\/activite\/vintage-navigation\/' target='_self' class='port_post_link'><span class='post_link'><h2 class='fw_port_link'>VINTAGE NAVIGATION<\/h2><h3 class='fw_port_tag'>sea <\/h3><\/span><\/a><div class=\"portfolio_desc\">\r\n\t\t<h2><a href=\"https:\/\/www.we-acteam.com\/en\/activite\/vintage-navigation\/\" target=\"_self\">VINTAGE NAVIGATION<\/a><\/h2>\r\n\t\t<h3>sea <\/h3>\r\n        <\/div>\r\n\t\t<\/div><!-- port_thumb_ctn END -->\r\n\t\t<\/div><!-- Filter img END --><div class=\"portfolio_sub_info\"><div class=\"isotope_portfolio_name\">VINTAGE NAVIGATION<\/div><div class=\"isotope_portfolio_date\">2024-03-28<\/div><\/div><\/div><!-- element END -->\r\n\r\n                <\/div><!-- .portfolio_block -->\r\n\r\n                <div class=\"rd_clear\"><!-- ClearFix --><\/div><\/div>  <script>\r\n\r\n\r\n\r\njQuery.noConflict();\r\njQuery(document).ready(function($){\r\n\"use strict\";\r\n            \r\n $(window).load(function(){\r\n\r\n\t$(\"#randomn4kwawtpfe9f4e50a7ep_port .optionset li a\").each(function() {\r\n\r\n\t\t\t\t\t\t\t\tvar filter_class = $(this).attr('data-option-value');\r\n\t\t\t\t\t\t\t\t if ($('#randomn4kwawtpfe9f4e50a7ep_port').find(filter_class).length){ \/\/ implies *not* zero\r\n\t\t\t\t\t\t\t\t$(this).parent('li').show();\r\n\t\t\t\t\t\t\t\t }else{\r\n\t\t\t\t\t\t\t\t$(this).parent('li').hide();\r\n\t\t\t\t\t\t\t\t }\r\n\r\n\r\n\t\t\t\t\t\t\t\t});\r\n\r\n                            $('#portfolio-tags').css('opacity','1');\r\nfunction watchport() {\r\n\r\n$(\"#randomn4kwawtpfe9f4e50a7ep_port .portfolio_block\").isotope('layout');\r\n\t\t\t\r\n}\r\n\r\nsetInterval(watchport, 100);\r\n\r\n\r\n\r\n                });\r\n\r\n                });\r\n            <\/script>\r\n  [\/vc_column_inner][\/vc_row_inner][\/vc_column][\/vc_row][vc_row type=&#8221;full-width-content&#8221; el_class=&#8221;section-bevel-moins8 background-color-white&#8221;][vc_column][vc_empty_space height=&#8221;&#8221;][\/vc_column][\/vc_row][vc_row type=&#8221;full-width-content&#8221; el_class=&#8221;section-bevel-moins8 background-color-gradient margin-bottom-moins-7-5vw zindex-102&#8243;][vc_column][vc_empty_space height=&#8221;&#8221;][\/vc_column][\/vc_row]<\/p>\n<\/div>","protected":false},"excerpt":{"rendered":"<p>[vc_row type=&#8221;full-width-section&#8221; parallax_background=&#8221;&#8221; css=&#8221;.vc_custom_1620650148972{background-image: url(https:\/\/we-acteam.com\/wp-content\/uploads\/2021\/05\/Navigation-Vintage-Incentive-Cote-Azur-BG-1.jpg?id=7596) !important;background-position: center !important;background-repeat: no-repeat !important;background-size: cover !important;}&#8221; font_color=&#8221;#ffffff&#8221; el_class=&#8221;bandeau_produit&#8221;][vc_column el_class=&#8221;title_produit&#8221;][vc_column_text el_class=&#8221;white h1_produit&#8221; css=&#8221;.vc_custom_1620644833798{margin-bottom: 0px !important;}&#8221;] Organization of old rigging regatta [\/vc_column_text][vc_custom_heading text=&#8221;VINTAGE NAVIGATION&#8221; font_container=&#8221;tag:p|text_align:center|color:%23ffffff&#8221; use_theme_fonts=&#8221;yes&#8221; el_class=&#8221;p_title_produit&#8221; css=&#8221;.vc_custom_1620644789068{margin-bottom: 0px !important;}&#8221;][\/vc_column][\/vc_row][vc_row type=&#8221;full-width-content&#8221; parallax_background=&#8221;&#8221; css=&#8221;.vc_custom_1620304850354{background-color: #ffffff !important;background-position: center !important;background-repeat: no-repeat !important;background-size: cover !important;}&#8221; font_color=&#8221;#ffffff&#8221; el_class=&#8221;biseau_bandeau_produit&#8221;][vc_column][vc_empty_space height=&#8221;&#8221; el_class=&#8221;height_biseau_8&#8243;][\/vc_column][\/vc_row][vc_row equal_height=&#8221;yes&#8221; css=&#8221;.vc_custom_1620312675711{padding-bottom: 0px !important;background-position: center !important;background-repeat:<br \/><a href=\"https:\/\/www.we-acteam.com\/en\/activite\/vintage-navigation\/\" class=\"more\">Read more<\/a><\/p>\n","protected":false},"author":1,"featured_media":9150,"parent":0,"menu_order":0,"comment_status":"closed","ping_status":"closed","template":"","meta":{"rank_math_title":"Team Building & Incentive activities on the Mediterranean Sea","rank_math_description":"","rank_math_focus_keyword":"","footnotes":""},"class_list":["post-198171","page","type-page","status-publish","has-post-thumbnail","hentry"],"_links":{"self":[{"href":"https:\/\/www.we-acteam.com\/en\/wp-json\/wp\/v2\/pages\/198171","targetHints":{"allow":["GET"]}}],"collection":[{"href":"https:\/\/www.we-acteam.com\/en\/wp-json\/wp\/v2\/pages"}],"about":[{"href":"https:\/\/www.we-acteam.com\/en\/wp-json\/wp\/v2\/types\/page"}],"author":[{"embeddable":true,"href":"https:\/\/www.we-acteam.com\/en\/wp-json\/wp\/v2\/users\/1"}],"replies":[{"embeddable":true,"href":"https:\/\/www.we-acteam.com\/en\/wp-json\/wp\/v2\/comments?post=198171"}],"version-history":[{"count":3,"href":"https:\/\/www.we-acteam.com\/en\/wp-json\/wp\/v2\/pages\/198171\/revisions"}],"predecessor-version":[{"id":780190,"href":"https:\/\/www.we-acteam.com\/en\/wp-json\/wp\/v2\/pages\/198171\/revisions\/780190"}],"wp:featuredmedia":[{"embeddable":true,"href":"https:\/\/www.we-acteam.com\/en\/wp-json\/wp\/v2\/media\/9150"}],"wp:attachment":[{"href":"https:\/\/www.we-acteam.com\/en\/wp-json\/wp\/v2\/media?parent=198171"}],"curies":[{"name":"wp","href":"https:\/\/api.w.org\/{rel}","templated":true}]}}