{"id":198197,"date":"2024-03-28T22:34:50","date_gmt":"2024-03-28T21:34:50","guid":{"rendered":"https:\/\/www.we-acteam.com\/the-snow\/"},"modified":"2025-03-19T11:01:53","modified_gmt":"2025-03-19T10:01:53","slug":"team-building-incentive-activities-snow","status":"publish","type":"page","link":"https:\/\/www.we-acteam.com\/en\/team-building-incentive-activities-snow\/","title":{"rendered":"THE SNOW"},"content":{"rendered":"<div class=\"wpb-content-wrapper\"><p>[vc_row type=&#8221;full-width-section&#8221; parallax_background=&#8221;&#8221; css=&#8221;.vc_custom_1622795160151{background-image: url(https:\/\/we-acteam.com\/wp-content\/uploads\/2021\/05\/Tresor-Glace-Team-Building-Neige-BG.jpg?id=8045) !important;background-position: center !important;background-repeat: no-repeat !important;background-size: cover !important;}&#8221; font_color=&#8221;#ffffff&#8221; el_class=&#8221;bandeau_image classic&#8221;][vc_column el_class=&#8221;bandeau_image-container&#8221;][vc_column_text el_class=&#8221;title-small-thin white&#8221;]<\/p>\n<h1 style=\"text-align: center;\">Team Building &amp; Incentive activities in the snow in the Southern Alps<\/h1>\n<p>[\/vc_column_text][vc_custom_heading text=&#8221;THE SNOW&#8221; font_container=&#8221;tag:p|text_align:center|color:%23ffffff&#8221; use_theme_fonts=&#8221;yes&#8221; el_class=&#8221;title-big white&#8221;][\/vc_column][\/vc_row][vc_row type=&#8221;full-width-content&#8221; el_class=&#8221;first_part_classic section-bevel-moins8 zindex-100&#8243;][vc_column el_class=&#8221;first_part_classic_container&#8221;][vc_custom_heading text=&#8221;Mountain activities between heaven and earth&#8221; font_container=&#8221;tag:h3|text_align:left&#8221; use_theme_fonts=&#8221;yes&#8221; el_class=&#8221;title-medium orange&#8221;][vc_column_text el_class=&#8221;text-medium blue&#8221;]<br \/>\nWith record snowfall over the last few years, the Southern Alps have some great winter playgrounds&#8230; with the added bonus of sunshine!<\/p>\n<p>Less than 2 hours from Marseille or Cannes, and barely 1? hours from Nice or Monaco, we&#8217;re here to help you enjoy the many activities on offer and\/or the warm and welcoming places to eat.<br \/>\n[\/vc_column_text][\/vc_column][\/vc_row][vc_row type=&#8221;full-width-content&#8221; el_class=&#8221;zindex-100 overflow-visible margin-bottom-0&#8243;][vc_column][vc_custom_heading text=&#8221;Activities&#8221; font_container=&#8221;tag:h3|text_align:center&#8221; use_theme_fonts=&#8221;yes&#8221; el_class=&#8221;title-medium orange padding-52&#8243;][vc_row_inner el_class=&#8221;imgs-3-columns section-bevel-moins8 section-bevel-corner-bottom-left background-color-blue overflow-visible margin-top-7-5vw&#8221;][vc_column_inner el_class=&#8221;imgs-3-columns-container margin-top-moins-7-5vw margin-bottom-moins-7-5vw&#8221;]<script>jQuery.noConflict(); var $ = jQuery; <\/script><div id=\"random71j7mbtks4sl6dml5gr8_port\" class=\"portfolio\"><style type=\"text\/css\" >#random71j7mbtks4sl6dml5gr8_port .filter_type_1 #options .selected a,#random71j7mbtks4sl6dml5gr8_port .filter_type_1 #options a:hover{background:#1ABC9C; border:1px solid #1ABC9C; color:#fff;}#random71j7mbtks4sl6dml5gr8_port .filter_type_1 #options a{border:1px solid #ECF0F1}#random71j7mbtks4sl6dml5gr8_port .filter_type_1 #options a{background:#FFFFFF}#random71j7mbtks4sl6dml5gr8_port .filter_type_1 #options a{color:#A1B1BC}<\/style><style type=\"text\/css\" >#random71j7mbtks4sl6dml5gr8_port .portfolio_desc{ position:absolute; bottom:10%; width:100%; height:40px; padding:0; border:none!important; background:none!important; text-align:center; z-index:3; opacity:0;}#random71j7mbtks4sl6dml5gr8_port .element:hover .portfolio_desc{opacity:1; bottom:50%;}#random71j7mbtks4sl6dml5gr8_port  .element:hover .img_link{left:4px;  opacity:1;}#random71j7mbtks4sl6dml5gr8_port  .element:hover .post_link{right:4px; opacity:1;}#random71j7mbtks4sl6dml5gr8_port .element:hover .port_overlay{ background:#fff; opacity:1;}#random71j7mbtks4sl6dml5gr8_port .portfolio_desc{margin-bottom:-20px;}.img_link,.post_link{display:none;}<\/style><div class=\"portfolio_block image-grid columns3 port_type_3 rd_hover_white thumbnail_type_1\" id=\"list\"><div data-category=\"snow \" class=\"snow  element\">\r\n\t\t<div class=\"filter_img\">\r\n\t\t<div class=\"port_thumb_ctn\">\r\n\t\t<div class=\"port_overlay\"><\/div>\r\n        <a _self href=\"https:\/\/www.we-acteam.com\/en\/activite\/ice-team-team-building-solution-in-the-snow\/\" target=\"_self\" class=\"ico_link\"><img loading=\"lazy\" decoding=\"async\" width=\"640\" height=\"400\" src=\"https:\/\/www.we-acteam.com\/wp-content\/uploads\/2020\/09\/Ice-Team-Team-Building-Neige-BG-640x400.jpg\" class=\"attachment-portfolio_tn size-portfolio_tn wp-post-image\" alt=\"Ice Team Team building \u00e0 la neige en montagne\" srcset=\"https:\/\/www.we-acteam.com\/wp-content\/uploads\/2020\/09\/Ice-Team-Team-Building-Neige-BG-640x400.jpg 640w, https:\/\/www.we-acteam.com\/wp-content\/uploads\/2020\/09\/Ice-Team-Team-Building-Neige-BG-300x188.jpg 300w, https:\/\/www.we-acteam.com\/wp-content\/uploads\/2020\/09\/Ice-Team-Team-Building-Neige-BG-1024x640.jpg 1024w, https:\/\/www.we-acteam.com\/wp-content\/uploads\/2020\/09\/Ice-Team-Team-Building-Neige-BG-768x480.jpg 768w, https:\/\/www.we-acteam.com\/wp-content\/uploads\/2020\/09\/Ice-Team-Team-Building-Neige-BG-1536x960.jpg 1536w, https:\/\/www.we-acteam.com\/wp-content\/uploads\/2020\/09\/Ice-Team-Team-Building-Neige-BG.jpg 1920w\" sizes=\"auto, (max-width: 640px) 100vw, 640px\" title=\"\">\r\n\t\t<\/a><figcaption><div>\r\n\t\t<h2>ICE TEAM<\/h2>\r\n\t\t<p>snow <\/p>\r\n\t\t<\/div>\r\n\t\t<a href=\"https:\/\/www.we-acteam.com\/en\/activite\/ice-team-team-building-solution-in-the-snow\/\" target=\"_self\">View more<\/a>\r\n\t\t<\/figcaption><a href=\"https:\/\/www.we-acteam.com\/wp-content\/uploads\/2020\/09\/Ice-Team-Team-Building-Neige-BG.jpg\" class=\"prettyPhoto port_img_link\"><span class='img_link'><\/span><\/a><a href='https:\/\/www.we-acteam.com\/en\/activite\/ice-team-team-building-solution-in-the-snow\/' target='_self' class='port_post_link'><span class='post_link'><h2 class='fw_port_link'>ICE TEAM<\/h2><h3 class='fw_port_tag'>snow <\/h3><\/span><\/a><div class=\"portfolio_desc\">\r\n\t\t<h2><a href=\"https:\/\/www.we-acteam.com\/en\/activite\/ice-team-team-building-solution-in-the-snow\/\" target=\"_self\">ICE TEAM<\/a><\/h2>\r\n\t\t<h3>snow <\/h3>\r\n        <\/div>\r\n\t\t<\/div><!-- port_thumb_ctn END -->\r\n\t\t<\/div><!-- Filter img END --><div class=\"portfolio_sub_info\"><div class=\"isotope_portfolio_name\">ICE TEAM<\/div><div class=\"isotope_portfolio_date\">2024-03-28<\/div><\/div><\/div><!-- element END --><div data-category=\"snow \" class=\"snow  element\">\r\n\t\t<div class=\"filter_img\">\r\n\t\t<div class=\"port_thumb_ctn\">\r\n\t\t<div class=\"port_overlay\"><\/div>\r\n        <a _self href=\"https:\/\/www.we-acteam.com\/en\/activite\/in-search-of-the-icy-treasure\/\" target=\"_self\" class=\"ico_link\"><img loading=\"lazy\" decoding=\"async\" width=\"640\" height=\"400\" src=\"https:\/\/www.we-acteam.com\/wp-content\/uploads\/2021\/05\/Tresor-Glace-Team-Building-Neige-BG-640x400.jpg\" class=\"attachment-portfolio_tn size-portfolio_tn wp-post-image\" alt=\"A la recherche du tr\u00e9sor glac\u00e9 | Team building \u00e0 la neige\" srcset=\"https:\/\/www.we-acteam.com\/wp-content\/uploads\/2021\/05\/Tresor-Glace-Team-Building-Neige-BG-640x400.jpg 640w, https:\/\/www.we-acteam.com\/wp-content\/uploads\/2021\/05\/Tresor-Glace-Team-Building-Neige-BG-300x188.jpg 300w, https:\/\/www.we-acteam.com\/wp-content\/uploads\/2021\/05\/Tresor-Glace-Team-Building-Neige-BG-1024x640.jpg 1024w, https:\/\/www.we-acteam.com\/wp-content\/uploads\/2021\/05\/Tresor-Glace-Team-Building-Neige-BG-768x480.jpg 768w, https:\/\/www.we-acteam.com\/wp-content\/uploads\/2021\/05\/Tresor-Glace-Team-Building-Neige-BG-1536x960.jpg 1536w, https:\/\/www.we-acteam.com\/wp-content\/uploads\/2021\/05\/Tresor-Glace-Team-Building-Neige-BG.jpg 1920w\" sizes=\"auto, (max-width: 640px) 100vw, 640px\" title=\"\">\r\n\t\t<\/a><figcaption><div>\r\n\t\t<h2>IN SEARCH OF THE ICY TREASURE<\/h2>\r\n\t\t<p>snow <\/p>\r\n\t\t<\/div>\r\n\t\t<a href=\"https:\/\/www.we-acteam.com\/en\/activite\/in-search-of-the-icy-treasure\/\" target=\"_self\">View more<\/a>\r\n\t\t<\/figcaption><a href=\"https:\/\/www.we-acteam.com\/wp-content\/uploads\/2021\/05\/Tresor-Glace-Team-Building-Neige-BG.jpg\" class=\"prettyPhoto port_img_link\"><span class='img_link'><\/span><\/a><a href='https:\/\/www.we-acteam.com\/en\/activite\/in-search-of-the-icy-treasure\/' target='_self' class='port_post_link'><span class='post_link'><h2 class='fw_port_link'>IN SEARCH OF THE ICY TREASURE<\/h2><h3 class='fw_port_tag'>snow <\/h3><\/span><\/a><div class=\"portfolio_desc\">\r\n\t\t<h2><a href=\"https:\/\/www.we-acteam.com\/en\/activite\/in-search-of-the-icy-treasure\/\" target=\"_self\">IN SEARCH OF THE ICY TREASURE<\/a><\/h2>\r\n\t\t<h3>snow <\/h3>\r\n        <\/div>\r\n\t\t<\/div><!-- port_thumb_ctn END -->\r\n\t\t<\/div><!-- Filter img END --><div class=\"portfolio_sub_info\"><div class=\"isotope_portfolio_name\">IN SEARCH OF THE ICY TREASURE<\/div><div class=\"isotope_portfolio_date\">2024-03-13<\/div><\/div><\/div><!-- element END --><div data-category=\"snow \" class=\"snow  element\">\r\n\t\t<div class=\"filter_img\">\r\n\t\t<div class=\"port_thumb_ctn\">\r\n\t\t<div class=\"port_overlay\"><\/div>\r\n        <a _self href=\"https:\/\/www.we-acteam.com\/en\/activite\/mountain-day-team-building-activities\/\" target=\"_self\" class=\"ico_link\"><img loading=\"lazy\" decoding=\"async\" width=\"640\" height=\"400\" src=\"https:\/\/www.we-acteam.com\/wp-content\/uploads\/2020\/09\/JOURNEE-NORDIQUE-team-building-incentive-28-640x400.jpg\" class=\"attachment-portfolio_tn size-portfolio_tn wp-post-image\" alt=\"JOURN\u00c9E NORDIQUE\" title=\"\">\r\n\t\t<\/a><figcaption><div>\r\n\t\t<h2>NORDIC DAY<\/h2>\r\n\t\t<p>snow <\/p>\r\n\t\t<\/div>\r\n\t\t<a href=\"https:\/\/www.we-acteam.com\/en\/activite\/mountain-day-team-building-activities\/\" target=\"_self\">View more<\/a>\r\n\t\t<\/figcaption><a href=\"https:\/\/www.we-acteam.com\/wp-content\/uploads\/2020\/09\/JOURNEE-NORDIQUE-team-building-incentive-28.jpg\" class=\"prettyPhoto port_img_link\"><span class='img_link'><\/span><\/a><a href='https:\/\/www.we-acteam.com\/en\/activite\/mountain-day-team-building-activities\/' target='_self' class='port_post_link'><span class='post_link'><h2 class='fw_port_link'>NORDIC DAY<\/h2><h3 class='fw_port_tag'>snow <\/h3><\/span><\/a><div class=\"portfolio_desc\">\r\n\t\t<h2><a href=\"https:\/\/www.we-acteam.com\/en\/activite\/mountain-day-team-building-activities\/\" target=\"_self\">NORDIC DAY<\/a><\/h2>\r\n\t\t<h3>snow <\/h3>\r\n        <\/div>\r\n\t\t<\/div><!-- port_thumb_ctn END -->\r\n\t\t<\/div><!-- Filter img END --><div class=\"portfolio_sub_info\"><div class=\"isotope_portfolio_name\">NORDIC DAY<\/div><div class=\"isotope_portfolio_date\">2024-03-28<\/div><\/div><\/div><!-- element END -->\r\n\r\n                <\/div><!-- .portfolio_block -->\r\n\r\n                <div class=\"rd_clear\"><!-- ClearFix --><\/div><\/div>  <script>\r\n\r\n\r\n\r\njQuery.noConflict();\r\njQuery(document).ready(function($){\r\n\"use strict\";\r\n            \r\n $(window).load(function(){\r\n\r\n\t$(\"#random71j7mbtks4sl6dml5gr8_port .optionset li a\").each(function() {\r\n\r\n\t\t\t\t\t\t\t\tvar filter_class = $(this).attr('data-option-value');\r\n\t\t\t\t\t\t\t\t if ($('#random71j7mbtks4sl6dml5gr8_port').find(filter_class).length){ \/\/ implies *not* zero\r\n\t\t\t\t\t\t\t\t$(this).parent('li').show();\r\n\t\t\t\t\t\t\t\t }else{\r\n\t\t\t\t\t\t\t\t$(this).parent('li').hide();\r\n\t\t\t\t\t\t\t\t }\r\n\r\n\r\n\t\t\t\t\t\t\t\t});\r\n\r\n                            $('#portfolio-tags').css('opacity','1');\r\nfunction watchport() {\r\n\r\n$(\"#random71j7mbtks4sl6dml5gr8_port .portfolio_block\").isotope('layout');\r\n\t\t\t\r\n}\r\n\r\nsetInterval(watchport, 100);\r\n\r\n\r\n\r\n                });\r\n\r\n                });\r\n            <\/script>\r\n  [\/vc_column_inner][\/vc_row_inner][\/vc_column][\/vc_row][vc_row type=&#8221;full-width-content&#8221; el_class=&#8221;section-bevel-moins8 background-color-white&#8221;][vc_column][vc_empty_space height=&#8221;&#8221;][\/vc_column][\/vc_row][vc_row type=&#8221;full-width-content&#8221; el_class=&#8221;section-bevel-moins8 background-color-gradient margin-bottom-moins-7-5vw zindex-102&#8243;][vc_column][vc_empty_space height=&#8221;&#8221;][\/vc_column][\/vc_row]<\/p>\n<\/div>","protected":false},"excerpt":{"rendered":"<p>[vc_row type=&#8221;full-width-section&#8221; parallax_background=&#8221;&#8221; css=&#8221;.vc_custom_1620726785117{background-image: url(https:\/\/we-acteam.com\/wp-content\/uploads\/2015\/05\/Journee-en-montagne-Incetive-Team-Building-BG.jpg?id=7674) !important;background-position: center !important;background-repeat: no-repeat !important;background-size: cover !important;}&#8221; font_color=&#8221;#ffffff&#8221; el_class=&#8221;bandeau_produit&#8221;][vc_column el_class=&#8221;title_produit&#8221;][vc_column_text el_class=&#8221;white h1_produit&#8221; css=&#8221;.vc_custom_1620726544249{margin-bottom: 0px !important;}&#8221;] A day in the mountains: ski touring, snowshoeing, dog sledding, snow construction, etc. [\/vc_column_text][vc_custom_heading text=&#8221;NORDIC DAY&#8221; font_container=&#8221;tag:p|text_align:center|color:%23ffffff&#8221; use_theme_fonts=&#8221;yes&#8221; el_class=&#8221;p_title_produit&#8221; css=&#8221;.vc_custom_1620726452174{margin-bottom: 0px !important;}&#8221;][\/vc_column][\/vc_row][vc_row type=&#8221;full-width-content&#8221; parallax_background=&#8221;&#8221; css=&#8221;.vc_custom_1620304850354{background-color: #ffffff !important;background-position: center !important;background-repeat: no-repeat !important;background-size: cover !important;}&#8221; font_color=&#8221;#ffffff&#8221; el_class=&#8221;biseau_bandeau_produit&#8221;][vc_column][vc_empty_space<br \/><a href=\"https:\/\/www.we-acteam.com\/en\/activite\/mountain-day-team-building-activities\/\" class=\"more\">Read more<\/a><\/p>\n","protected":false},"author":1,"featured_media":0,"parent":0,"menu_order":0,"comment_status":"closed","ping_status":"closed","template":"","meta":{"rank_math_title":"Team Building & Incentive activities in the Southern Alps","rank_math_description":"","rank_math_focus_keyword":"","footnotes":""},"class_list":["post-198197","page","type-page","status-publish","hentry"],"_links":{"self":[{"href":"https:\/\/www.we-acteam.com\/en\/wp-json\/wp\/v2\/pages\/198197","targetHints":{"allow":["GET"]}}],"collection":[{"href":"https:\/\/www.we-acteam.com\/en\/wp-json\/wp\/v2\/pages"}],"about":[{"href":"https:\/\/www.we-acteam.com\/en\/wp-json\/wp\/v2\/types\/page"}],"author":[{"embeddable":true,"href":"https:\/\/www.we-acteam.com\/en\/wp-json\/wp\/v2\/users\/1"}],"replies":[{"embeddable":true,"href":"https:\/\/www.we-acteam.com\/en\/wp-json\/wp\/v2\/comments?post=198197"}],"version-history":[{"count":3,"href":"https:\/\/www.we-acteam.com\/en\/wp-json\/wp\/v2\/pages\/198197\/revisions"}],"predecessor-version":[{"id":780207,"href":"https:\/\/www.we-acteam.com\/en\/wp-json\/wp\/v2\/pages\/198197\/revisions\/780207"}],"wp:attachment":[{"href":"https:\/\/www.we-acteam.com\/en\/wp-json\/wp\/v2\/media?parent=198197"}],"curies":[{"name":"wp","href":"https:\/\/api.w.org\/{rel}","templated":true}]}}